{"id":9515,"date":"2025-01-24T13:06:59","date_gmt":"2025-01-24T13:06:59","guid":{"rendered":"https:\/\/mainbrainresearch.com\/preguntas-frecuentes\/"},"modified":"2025-11-14T00:17:31","modified_gmt":"2025-11-14T00:17:31","slug":"preguntas-frecuentes","status":"publish","type":"page","link":"https:\/\/mainbrainresearch.com\/es\/preguntas-frecuentes\/","title":{"rendered":"Preguntas frecuentes"},"content":{"rendered":"\t\t<div data-elementor-type=\"wp-post\" data-elementor-id=\"9515\" class=\"elementor elementor-9515 elementor-6731\" data-elementor-post-type=\"page\">\n\t\t\t\t<div class=\"elementor-element elementor-element-ad65c24 e-flex e-con-boxed e-con e-parent\" data-id=\"ad65c24\" data-element_type=\"container\" data-e-type=\"container\" data-settings=\"{&quot;background_background&quot;:&quot;classic&quot;}\">\n\t\t\t\t\t<div class=\"e-con-inner\">\n\t\t\t\t<div class=\"elementor-element elementor-element-78d3215 elementor-invisible elementor-widget elementor-widget-text-editor\" data-id=\"78d3215\" data-element_type=\"widget\" data-e-type=\"widget\" data-settings=\"{&quot;_animation&quot;:&quot;fadeIn&quot;,&quot;_animation_delay&quot;:400}\" data-widget_type=\"text-editor.default\">\n\t\t\t\t<div class=\"elementor-widget-container\">\n\t\t\t\t\t\t\t\t\t<p>\u00bfTiene preguntas? \u00a1Tenemos las respuestas! Explore nuestras preguntas frecuentes para encontrar soluciones r\u00e1pidas y claras a sus preguntas.  <\/p>\t\t\t\t\t\t\t\t<\/div>\n\t\t\t\t<\/div>\n\t\t\t\t\t<\/div>\n\t\t\t\t<\/div>\n\t\t<div class=\"elementor-element elementor-element-9b9fc04 e-flex e-con-boxed e-con e-parent\" data-id=\"9b9fc04\" data-element_type=\"container\" data-e-type=\"container\">\n\t\t\t\t\t<div class=\"e-con-inner\">\n\t\t\t\t<div class=\"elementor-element elementor-element-4c69bc4 elementor-invisible elementor-widget elementor-widget-heading\" data-id=\"4c69bc4\" data-element_type=\"widget\" data-e-type=\"widget\" data-settings=\"{&quot;_animation&quot;:&quot;fadeIn&quot;}\" data-widget_type=\"heading.default\">\n\t\t\t\t<div class=\"elementor-widget-container\">\n\t\t\t\t\t<h2 class=\"elementor-heading-title elementor-size-default\">Preguntas frecuentes<\/h2>\t\t\t\t<\/div>\n\t\t\t\t<\/div>\n\t\t\t\t<div class=\"elementor-element elementor-element-8f4fd6b elementor-widget__width-inherit elementor-widget elementor-widget-text-editor\" data-id=\"8f4fd6b\" data-element_type=\"widget\" data-e-type=\"widget\" data-widget_type=\"text-editor.default\">\n\t\t\t\t<div class=\"elementor-widget-container\">\n\t\t\t\t\t\t\t\t\t<p>Rocket Labb proporciona soluciones impulsadas por IA para ayudar a las empresas a innovar y optimizar. Desde las pruebas de concepto hasta las estrategias de precios, ofrecemos informaci\u00f3n r\u00e1pida y resultados del mundo real para desbloquear el potencial de su marca. <\/p>\t\t\t\t\t\t\t\t<\/div>\n\t\t\t\t<\/div>\n\t\t\t\t<div class=\"elementor-element elementor-element-cd1ce98 elementor-widget elementor-widget-ucaddon_content_accordion\" data-id=\"cd1ce98\" data-element_type=\"widget\" data-e-type=\"widget\" data-widget_type=\"ucaddon_content_accordion.default\">\n\t\t\t\t<div class=\"elementor-widget-container\">\n\t\t\t\t\t\n<!-- start Content Accordion -->\n\t\t<link id='font-awesome-css' href='https:\/\/mainbrainresearch.com\/wp-content\/plugins\/unlimited-elements-for-elementor-premium\/assets_libraries\/font-awesome6\/fontawesome-all.min.css' type='text\/css' rel='stylesheet' >\n\t\t<link id='font-awesome-4-shim-css' href='https:\/\/mainbrainresearch.com\/wp-content\/plugins\/unlimited-elements-for-elementor-premium\/assets_libraries\/font-awesome6\/fontawesome-v4-shims.min.css' type='text\/css' rel='stylesheet' >\n\n<style>\/* widget: Content Accordion *\/\n\n\n\n#uc_content_accordion_elementor_cd1ce98 *{\n  box-sizing: border-box;\n}\n\n#uc_content_accordion_elementor_cd1ce98 .uc_ac_box{\n  overflow:hidden;\n}\n\n#uc_content_accordion_elementor_cd1ce98 .ue_heading_title{\n  margin:0;\n  flex-grow:1;\n  display:flex;\n  flex-direction:row;\n}\n\n#uc_content_accordion_elementor_cd1ce98 .uc_container .uc-heading{\n\tdisplay:flex;\n    align-items:center;\n\toverflow:hidden;\n\tcursor:pointer;  \n}\n\n#uc_content_accordion_elementor_cd1ce98 .uc_container .uc_content{\n    display:none;\n}\n\n#uc_content_accordion_elementor_cd1ce98 .uc_container .uc-heading span.ue_accordion_icon{\n\tdisplay:flex;\n    align-items:center;\n   \tjustify-content:center;\n    flex-grow:0;\n    flex-shrink:0;\n}\n\n#uc_content_accordion_elementor_cd1ce98 .uc_ac_box.uc-item-active span.uc_dactive{\n\tdisplay:none;\n}\n\n#uc_content_accordion_elementor_cd1ce98 .uc_ac_box:not(.uc-item-active) span.uc_active{\n\tdisplay:none;\n}\n\n#uc_content_accordion_elementor_cd1ce98 span.ue_accordion_icon svg{\n  height:1em;\n  width:1em;\n}\n\n#uc_content_accordion_elementor_cd1ce98 .uc_container .uc_btn {\n    text-align: center;\n    display: inline-block;\n    text-decoration: none;\n    transition: ease-in-out all 0.25s;\n}\n\n#uc_content_accordion_elementor_cd1ce98 .ue-item-image img{\n  width:100%;\n  display:block;\n  object-fit:cover;\n}\n\n<\/style>\n\n<div class=\"uc_material_accordion  \"  id=\"uc_content_accordion_elementor_cd1ce98\"  data-name=\"\" data-scroll=\"off\" data-offset=\"0\" data-closeothers=\"true\" data-set-hash=\"false\" >\n  <div class=\"uc_container uc-items-wrapper\">\n    \n\n\t\t\n\n\n<div id=\"#ue-tab1\" class=\"uc_ac_box elementor-repeater-item-3f4f4c1 uc-item-active\" style=\"background-color:;\">\n  <a href=\"javascript:void(0)\" class=\"uc-heading uc_trigger\" role=\"button\">\n    <span class=\"uc_dactive bbb ue_accordion_icon\"><i class='fas fa-plus'><\/i><\/span> \n    <span class=\"uc_active bbb ue_accordion_icon\"><i class='fas fa-minus'><\/i><\/span>\n    <div class=\"ue_heading_title\">\u00bfCu\u00e1nto dura un proyecto t\u00edpico?<\/div>\n  <\/a>\n  \n  <div class=\"uc_content\" style='display:block'>\n        \n      \n         \n                        \n              <div class=\"ue-item-title\">\u00bfC\u00f3mo empiezo con Rocket Labb?<\/div>\n      \n              <div class=\"ue-item-text\"><p>Los plazos de los proyectos var\u00edan en funci\u00f3n de la complejidad, pero garantizamos una entrega eficiente sin comprometer la calidad.<\/p>\n<\/div>\n      \n              \n      <\/div> \n<\/div>\n\n\n\n\n\n<div id=\"#ue-tab2\" class=\"uc_ac_box elementor-repeater-item-5cd907f \" style=\"background-color:;\">\n  <a href=\"javascript:void(0)\" class=\"uc-heading uc_trigger\" role=\"button\">\n    <span class=\"uc_dactive bbb ue_accordion_icon\"><i class='fas fa-plus'><\/i><\/span> \n    <span class=\"uc_active bbb ue_accordion_icon\"><i class='fas fa-minus'><\/i><\/span>\n    <div class=\"ue_heading_title\">\u00bfPueden ayudarme a mejorar la identidad de mi marca?<\/div>\n  <\/a>\n  \n  <div class=\"uc_content\" >\n        \n      \n         \n                        \n              <div class=\"ue-item-title\">\u00bfCon qu\u00e9 sectores trabajan?<\/div>\n      \n              <div class=\"ue-item-text\"><p>\u00a1Por supuesto! Nuestro equipo destaca en la creaci\u00f3n de estrategias de marca impactantes para elevar la presencia de su empresa. <\/p>\n<\/div>\n      \n              \n      <\/div> \n<\/div>\n\n\n\n\n\n<div id=\"#ue-tab3\" class=\"uc_ac_box elementor-repeater-item-8dfd7bd \" style=\"background-color:;\">\n  <a href=\"javascript:void(0)\" class=\"uc-heading uc_trigger\" role=\"button\">\n    <span class=\"uc_dactive bbb ue_accordion_icon\"><i class='fas fa-plus'><\/i><\/span> \n    <span class=\"uc_active bbb ue_accordion_icon\"><i class='fas fa-minus'><\/i><\/span>\n    <div class=\"ue_heading_title\">\u00bfOfrecen soporte continuo despu\u00e9s de la finalizaci\u00f3n del proyecto?<\/div>\n  <\/a>\n  \n  <div class=\"uc_content\" >\n        \n      \n         \n                        \n              <div class=\"ue-item-title\">\u00bfPuedo personalizar los servicios para que se ajusten a las necesidades de mi empresa?<\/div>\n      \n              <div class=\"ue-item-text\"><p>S\u00ed, ofrecemos soporte y mantenimiento posteriores al proyecto para garantizar que sus soluciones digitales funcionen de forma \u00f3ptima.<\/p>\n<\/div>\n      \n              \n      <\/div> \n<\/div>\n\n\n\n\n\n<div id=\"#ue-tab4\" class=\"uc_ac_box elementor-repeater-item-d5ac200 \" style=\"background-color:;\">\n  <a href=\"javascript:void(0)\" class=\"uc-heading uc_trigger\" role=\"button\">\n    <span class=\"uc_dactive bbb ue_accordion_icon\"><i class='fas fa-plus'><\/i><\/span> \n    <span class=\"uc_active bbb ue_accordion_icon\"><i class='fas fa-minus'><\/i><\/span>\n    <div class=\"ue_heading_title\">\u00bfCon qu\u00e9 sectores trabajan?<\/div>\n  <\/a>\n  \n  <div class=\"uc_content\" >\n        \n      \n         \n                        \n              <div class=\"ue-item-title\">\u00bfCu\u00e1nto tiempo se tarda en ver los resultados?<\/div>\n      \n              <div class=\"ue-item-text\"><p>Colaboramos con empresas de diversos sectores, ofreciendo estrategias personalizadas para cumplir objetivos \u00fanicos.<\/p>\n<\/div>\n      \n              \n      <\/div> \n<\/div>\n\n\n\n\n\n<div id=\"#ue-tab5\" class=\"uc_ac_box elementor-repeater-item-bd71c60 \" style=\"background-color:;\">\n  <a href=\"javascript:void(0)\" class=\"uc-heading uc_trigger\" role=\"button\">\n    <span class=\"uc_dactive bbb ue_accordion_icon\"><i class='fas fa-plus'><\/i><\/span> \n    <span class=\"uc_active bbb ue_accordion_icon\"><i class='fas fa-minus'><\/i><\/span>\n    <div class=\"ue_heading_title\">\u00bfOfrecen soporte continuo despu\u00e9s de que el proyecto est\u00e9 completo?<\/div>\n  <\/a>\n  \n  <div class=\"uc_content\" >\n        \n      \n         \n                        \n              <div class=\"ue-item-title\">\u00bfOfrecen soporte continuo despu\u00e9s de que el proyecto est\u00e9 completo?<\/div>\n      \n              <div class=\"ue-item-text\"><p>\u00a1S\u00ed! Ofrecemos soporte posterior al lanzamiento, que incluye el seguimiento del rendimiento, recomendaciones de optimizaci\u00f3n y supervisi\u00f3n continua de las iniciativas para garantizar que sus estrategias sigan alineadas con las tendencias del mercado y ofrezcan resultados sostenidos.<\/p>\n<\/div>\n      \n              \n      <\/div> \n<\/div>\n\n\n\n\n\n<div id=\"#ue-tab6\" class=\"uc_ac_box elementor-repeater-item-b282262 \" style=\"background-color:;\">\n  <a href=\"javascript:void(0)\" class=\"uc-heading uc_trigger\" role=\"button\">\n    <span class=\"uc_dactive bbb ue_accordion_icon\"><i class='fas fa-plus'><\/i><\/span> \n    <span class=\"uc_active bbb ue_accordion_icon\"><i class='fas fa-minus'><\/i><\/span>\n    <div class=\"ue_heading_title\">\u00bfQu\u00e9 hace que su metodolog\u00eda sea \u00fanica?<\/div>\n  <\/a>\n  \n  <div class=\"uc_content\" >\n        \n      \n         \n                        \n              <div class=\"ue-item-title\">\u00bfQu\u00e9 hace que su metodolog\u00eda sea \u00fanica?<\/div>\n      \n              <div class=\"ue-item-text\"><p>Nuestras metodolog\u00edas est\u00e1n impulsadas por la IA avanzada y el aprendizaje autom\u00e1tico, lo que proporciona resultados m\u00e1s r\u00e1pidos y precisos. Utilizamos simulaciones del mundo real, an\u00e1lisis predictivos e informaci\u00f3n impulsada por el consumidor para garantizar que sus innovaciones sean siempre relevantes, impactantes y est\u00e9n listas para el mercado. <\/p>\n<\/div>\n      \n              \n      <\/div> \n<\/div>\n\n\n\n\n\n<div id=\"#ue-tab7\" class=\"uc_ac_box elementor-repeater-item-250cb97 \" style=\"background-color:;\">\n  <a href=\"javascript:void(0)\" class=\"uc-heading uc_trigger\" role=\"button\">\n    <span class=\"uc_dactive bbb ue_accordion_icon\"><i class='fas fa-plus'><\/i><\/span> \n    <span class=\"uc_active bbb ue_accordion_icon\"><i class='fas fa-minus'><\/i><\/span>\n    <div class=\"ue_heading_title\">\u00bfCu\u00e1l es la estructura de precios de sus servicios?<\/div>\n  <\/a>\n  \n  <div class=\"uc_content\" >\n        \n      \n         \n                        \n              <div class=\"ue-item-title\">\u00bfCu\u00e1l es la estructura de precios de sus servicios?<\/div>\n      \n              <div class=\"ue-item-text\"><p>Ofrecemos precios flexibles en funci\u00f3n del alcance y la complejidad de los servicios requeridos. Durante nuestra consulta inicial, analizaremos sus objetivos y le proporcionaremos un plan de precios personalizado que se ajuste a su presupuesto. <\/p>\n<\/div>\n      \n              \n      <\/div> \n<\/div>\n\n\n\n\n\n<div id=\"#ue-tab8\" class=\"uc_ac_box elementor-repeater-item-65a6caa \" style=\"background-color:;\">\n  <a href=\"javascript:void(0)\" class=\"uc-heading uc_trigger\" role=\"button\">\n    <span class=\"uc_dactive bbb ue_accordion_icon\"><i class='fas fa-plus'><\/i><\/span> \n    <span class=\"uc_active bbb ue_accordion_icon\"><i class='fas fa-minus'><\/i><\/span>\n    <div class=\"ue_heading_title\">\u00bfPuedo ver ejemplos de proyectos anteriores o estudios de casos?<\/div>\n  <\/a>\n  \n  <div class=\"uc_content\" >\n        \n      \n         \n                        \n              <div class=\"ue-item-title\">\u00bfPuedo ver ejemplos de proyectos anteriores o estudios de casos?<\/div>\n      \n              <div class=\"ue-item-text\"><p>S\u00ed, estaremos encantados de compartir estudios de casos y ejemplos de c\u00f3mo hemos ayudado a los clientes a lograr el \u00e9xito en \u00e1reas como la optimizaci\u00f3n del embalaje, las estrategias de precios y las pruebas de mercado. Consulte nuestras historias de \u00e9xito o p\u00f3ngase en contacto con nosotros directamente para obtener ejemplos m\u00e1s detallados. <\/p>\n<\/div>\n      \n              \n      <\/div> \n<\/div>\n\n  <\/div>\n<\/div>\n\n\n<!-- end Content Accordion -->\t\t\t\t<\/div>\n\t\t\t\t<\/div>\n\t\t\t\t\t<\/div>\n\t\t\t\t<\/div>\n\t\t\t\t<\/div>\n\t\t","protected":false},"excerpt":{"rendered":"<p>\u00bfTiene preguntas? \u00a1Tenemos las respuestas! Explore nuestras preguntas frecuentes para encontrar soluciones r\u00e1pidas y claras a sus preguntas. Preguntas frecuentes Rocket Labb proporciona soluciones impulsadas por IA para ayudar a las empresas a innovar y optimizar. Desde las pruebas de concepto hasta las estrategias de precios, ofrecemos informaci\u00f3n r\u00e1pida y resultados del mundo real para [&hellip;]<\/p>\n","protected":false},"author":15,"featured_media":9376,"parent":0,"menu_order":0,"comment_status":"closed","ping_status":"closed","template":"elementor_header_footer","meta":{"site-sidebar-layout":"no-sidebar","site-content-layout":"page-builder","ast-site-content-layout":"full-width-container","site-content-style":"unboxed","site-sidebar-style":"unboxed","ast-global-header-display":"","ast-banner-title-visibility":"","ast-main-header-display":"","ast-hfb-above-header-display":"","ast-hfb-below-header-display":"","ast-hfb-mobile-header-display":"","site-post-title":"disabled","ast-breadcrumbs-content":"","ast-featured-img":"disabled","footer-sml-layout":"","ast-disable-related-posts":"","theme-transparent-header-meta":"enabled","adv-header-id-meta":"","stick-header-meta":"default","header-above-stick-meta":"","header-main-stick-meta":"","header-below-stick-meta":"","astra-migrate-meta-layouts":"default","ast-page-background-enabled":"default","ast-page-background-meta":{"desktop":{"background-color":"","background-image":"","background-repeat":"repeat","background-position":"center center","background-size":"auto","background-attachment":"scroll","background-type":"","background-media":"","overlay-type":"","overlay-color":"","overlay-opacity":"","overlay-gradient":""},"tablet":{"background-color":"","background-image":"","background-repeat":"repeat","background-position":"center center","background-size":"auto","background-attachment":"scroll","background-type":"","background-media":"","overlay-type":"","overlay-color":"","overlay-opacity":"","overlay-gradient":""},"mobile":{"background-color":"","background-image":"","background-repeat":"repeat","background-position":"center center","background-size":"auto","background-attachment":"scroll","background-type":"","background-media":"","overlay-type":"","overlay-color":"","overlay-opacity":"","overlay-gradient":""}},"ast-content-background-meta":{"desktop":{"background-color":"var(--ast-global-color-5)","background-image":"","background-repeat":"repeat","background-position":"center center","background-size":"auto","background-attachment":"scroll","background-type":"","background-media":"","overlay-type":"","overlay-color":"","overlay-opacity":"","overlay-gradient":""},"tablet":{"background-color":"var(--ast-global-color-5)","background-image":"","background-repeat":"repeat","background-position":"center center","background-size":"auto","background-attachment":"scroll","background-type":"","background-media":"","overlay-type":"","overlay-color":"","overlay-opacity":"","overlay-gradient":""},"mobile":{"background-color":"var(--ast-global-color-5)","background-image":"","background-repeat":"repeat","background-position":"center center","background-size":"auto","background-attachment":"scroll","background-type":"","background-media":"","overlay-type":"","overlay-color":"","overlay-opacity":"","overlay-gradient":""}},"footnotes":""},"categories":[],"tags":[],"class_list":["post-9515","page","type-page","status-publish","has-post-thumbnail","hentry"],"_links":{"self":[{"href":"https:\/\/mainbrainresearch.com\/es\/wp-json\/wp\/v2\/pages\/9515","targetHints":{"allow":["GET"]}}],"collection":[{"href":"https:\/\/mainbrainresearch.com\/es\/wp-json\/wp\/v2\/pages"}],"about":[{"href":"https:\/\/mainbrainresearch.com\/es\/wp-json\/wp\/v2\/types\/page"}],"author":[{"embeddable":true,"href":"https:\/\/mainbrainresearch.com\/es\/wp-json\/wp\/v2\/users\/15"}],"replies":[{"embeddable":true,"href":"https:\/\/mainbrainresearch.com\/es\/wp-json\/wp\/v2\/comments?post=9515"}],"version-history":[{"count":1,"href":"https:\/\/mainbrainresearch.com\/es\/wp-json\/wp\/v2\/pages\/9515\/revisions"}],"predecessor-version":[{"id":9517,"href":"https:\/\/mainbrainresearch.com\/es\/wp-json\/wp\/v2\/pages\/9515\/revisions\/9517"}],"wp:featuredmedia":[{"embeddable":true,"href":"https:\/\/mainbrainresearch.com\/es\/wp-json\/wp\/v2\/media\/9376"}],"wp:attachment":[{"href":"https:\/\/mainbrainresearch.com\/es\/wp-json\/wp\/v2\/media?parent=9515"}],"wp:term":[{"taxonomy":"category","embeddable":true,"href":"https:\/\/mainbrainresearch.com\/es\/wp-json\/wp\/v2\/categories?post=9515"},{"taxonomy":"post_tag","embeddable":true,"href":"https:\/\/mainbrainresearch.com\/es\/wp-json\/wp\/v2\/tags?post=9515"}],"curies":[{"name":"wp","href":"https:\/\/api.w.org\/{rel}","templated":true}]}}